{"id":1600,"date":"2025-02-02T22:34:01","date_gmt":"2025-02-02T22:34:01","guid":{"rendered":"https:\/\/mypureestate.com\/?page_id=1600"},"modified":"2025-02-04T13:58:23","modified_gmt":"2025-02-04T13:58:23","slug":"a-propos","status":"publish","type":"page","link":"https:\/\/mypureestate.com\/en\/a-propos\/","title":{"rendered":"About"},"content":{"rendered":"<div data-elementor-type=\"wp-page\" data-elementor-id=\"1600\" class=\"elementor elementor-1600\" wpc-filter-elementor-widget=\"1\" data-elementor-post-type=\"page\">\n\t\t\t\t<div class=\"elementor-element elementor-element-673d9ad e-flex e-con-boxed e-con e-parent\" data-id=\"673d9ad\" data-element_type=\"container\" data-e-type=\"container\" data-settings=\"{&quot;background_background&quot;:&quot;classic&quot;,&quot;jet_parallax_layout_list&quot;:[]}\">\n\t\t\t\t\t<div class=\"e-con-inner\">\n\t\t\t\t<div class=\"elementor-element elementor-element-d1f3a26 elementor-widget elementor-widget-heading\" data-id=\"d1f3a26\" data-element_type=\"widget\" data-e-type=\"widget\" data-widget_type=\"heading.default\">\n\t\t\t\t<div class=\"elementor-widget-container\">\n\t\t\t\t\t<h1 class=\"elementor-heading-title elementor-size-default translation-block\">Buy Villas <span class=\"premium_color\">Marrakech<\/span><\/h1>\t\t\t\t<\/div>\n\t\t\t\t<\/div>\n\t\t\t\t\t<\/div>\n\t\t\t\t<\/div>\n\t\t<div class=\"elementor-element elementor-element-86961d2 e-flex e-con-boxed e-con e-parent\" data-id=\"86961d2\" data-element_type=\"container\" data-e-type=\"container\" data-settings=\"{&quot;jet_parallax_layout_list&quot;:[]}\">\n\t\t\t\t\t<div class=\"e-con-inner\">\n\t\t<div class=\"elementor-element elementor-element-d9a0879 e-con-full e-flex elementor-invisible e-con e-child\" data-id=\"d9a0879\" data-element_type=\"container\" data-e-type=\"container\" data-settings=\"{&quot;jet_parallax_layout_list&quot;:[],&quot;animation&quot;:&quot;fadeInUp&quot;}\">\n\t\t\t\t<div class=\"elementor-element elementor-element-76e6a5a elementor-widget elementor-widget-heading\" data-id=\"76e6a5a\" data-element_type=\"widget\" data-e-type=\"widget\" data-widget_type=\"heading.default\">\n\t\t\t\t<div class=\"elementor-widget-container\">\n\t\t\t\t\t<h2 class=\"elementor-heading-title elementor-size-default\">About<\/h2>\t\t\t\t<\/div>\n\t\t\t\t<\/div>\n\t\t\t\t<div class=\"elementor-element elementor-element-8eb7ddd elementor-widget elementor-widget-text-editor\" data-id=\"8eb7ddd\" data-element_type=\"widget\" data-e-type=\"widget\" data-widget_type=\"text-editor.default\">\n\t\t\t\t<div class=\"elementor-widget-container\">\n\t\t\t\t\t\t\t\t\t<p class=\"translation-block\">Recognized as a major player in luxury real estate in Marrakech, the Mur et Prestige real estate agency is the result of a passion honed by ten years of proven experience in the field. Located in the heart of L'Hivernage, the beating heart of modern Marrakech, close to the most prestigious hotels and palaces, our real estate agency in Marrakech enjoys an unparalleled proximity to its clients and partners.<\/p>\t\t\t\t\t\t\t\t<\/div>\n\t\t\t\t<\/div>\n\t\t\t\t<div class=\"elementor-element elementor-element-e696d72 elementor-widget elementor-widget-text-editor\" data-id=\"e696d72\" data-element_type=\"widget\" data-e-type=\"widget\" data-widget_type=\"text-editor.default\">\n\t\t\t\t<div class=\"elementor-widget-container\">\n\t\t\t\t\t\t\t\t\t<p class=\"translation-block\"><u><strong>Mur et Prestige<\/strong><\/u> aims to be a reliable reference for those interested in buying and selling <strong>luxury villas in Marrakech<\/strong>. It has made this segment its area of specialization in order to offer its clients and partners a personalized service.<\/p>\t\t\t\t\t\t\t\t<\/div>\n\t\t\t\t<\/div>\n\t\t\t\t<div class=\"elementor-element elementor-element-fccbd1b elementor-widget elementor-widget-text-editor\" data-id=\"fccbd1b\" data-element_type=\"widget\" data-e-type=\"widget\" data-widget_type=\"text-editor.default\">\n\t\t\t\t<div class=\"elementor-widget-container\">\n\t\t\t\t\t\t\t\t\t<p class=\"translation-block\">It is thanks to Jemel El Alaoui that <strong>Mur et Prestige<\/strong> came into being. This <strong>luxury real estate<\/strong> enthusiast took his first steps in the high-end market back in 2007, after graduating from Paul Sabatier University in Toulouse. As soon as he returned to Morocco, he was appointed brand development manager for the developer known as \u201cPrestigia,\u201d a brand specializing in luxury real estate programs, at Morocco's largest real estate group, Addoha. His integration and expertise enabled him to contribute significantly to the commercial development of the \u201cBouskoura Golf City\u201d project in Casablanca and the \u201cMarrakech Golf City\u201d project in Marrakech.<\/p>\t\t\t\t\t\t\t\t<\/div>\n\t\t\t\t<\/div>\n\t\t\t\t<div class=\"elementor-element elementor-element-28791b4 elementor-widget elementor-widget-text-editor\" data-id=\"28791b4\" data-element_type=\"widget\" data-e-type=\"widget\" data-widget_type=\"text-editor.default\">\n\t\t\t\t<div class=\"elementor-widget-container\">\n\t\t\t\t\t\t\t\t\t<p class=\"translation-block\">In 2009, a new opportunity arose for Jemel El Alaoui, now armed with his knowledge of the local market and his portfolio of contacts, this time with the French group Alain Crenn. Jemel El Alaoui's first assignment with the prestigious French group was as sales manager at the <strong>Marrakech Golf Resort<\/strong> \u201c<strong>Le Samanah Country Club<\/strong>,\u201d a project offering sumptuous golf villas and voted \u201cBest Tourism and Golf Project in the World\u201d in San Diego in 2009 by the International Property Awards. The second, still at the heart of the Alain Crenn group, was as sales and marketing director for the famous golf real estate project Les R\u00e9sidences du Golf de Bouznika Bay.<\/p>\t\t\t\t\t\t\t\t<\/div>\n\t\t\t\t<\/div>\n\t\t\t\t<div class=\"elementor-element elementor-element-59a7af3 elementor-widget elementor-widget-text-editor\" data-id=\"59a7af3\" data-element_type=\"widget\" data-e-type=\"widget\" data-widget_type=\"text-editor.default\">\n\t\t\t\t<div class=\"elementor-widget-container\">\n\t\t\t\t\t\t\t\t\t<p class=\"translation-block\"><u><strong>Mur et Prestige<\/strong><\/u>\u00a0est venue donc compl\u00e9ter ce brillant parcours dans une logique d\u2019entrepreneuriat et de cr\u00e9ation de la valeur. Jemel El Alaoui a cr\u00e9\u00e9 sa propre\u00a0<a href=\"https:\/\/www.muretprestige.com\/\" target=\"_self\"><strong>agence immobili\u00e8re\u00a0\u00e0 Marrakech\u00a0 <\/strong><\/a>en faisant de\u00a0<strong>l\u2019immobilier de luxe<\/strong>\u00a0et notamment des\u00a0<strong>villas<\/strong>\u00a0\u00e0\u00a0<strong>Marrakech<\/strong>\u00a0un c\u0153ur de m\u00e9tier en bonne et due forme. Il s\u2019agit aujourd\u2019hui de l\u2019agence r\u00e9f\u00e9rence qui op\u00e8re dans ce segment, permettant \u00e0 ses clients et partenaires de jouir d\u2019une expertise, d\u2019un portefeuille de contacts et surtout d\u2019une connaissance du march\u00e9.<\/p>\t\t\t\t\t\t\t\t<\/div>\n\t\t\t\t<\/div>\n\t\t\t\t<\/div>\n\t\t\t\t\t<\/div>\n\t\t\t\t<\/div>\n\t\t\t\t<\/div>","protected":false},"excerpt":{"rendered":"<p>Achat Villas Marrakech A propos Reconnue comme acteur majeur de&nbsp;l\u2019immobilier de luxe&nbsp;\u00e0 Marrakech,&nbsp;l\u2019agence immobili\u00e8re&nbsp;Mur et Prestige&nbsp;est le fruit d\u2019une passion aiguis\u00e9e par dix ans d\u2019exp\u00e9rience attest\u00e9e dans le domaine. Situ\u00e9e en plein c\u0153ur de&nbsp;l\u2019Hivernage, c\u0153ur palpitant du&nbsp;Marrakech&nbsp;moderne aux voisinages des&nbsp;h\u00f4tels et palaces les plus prestigieux, notre agence immobili\u00e8re \u00e0 Marrakech fait preuve d\u2019une proximit\u00e9 inou\u00efe&#8230;<a href=\"https:\/\/mypureestate.com\/en\/a-propos\/\" class=\"epl-more-link\">Read More&rarr;<\/a><\/p>","protected":false},"author":1,"featured_media":0,"parent":0,"menu_order":0,"comment_status":"closed","ping_status":"closed","template":"elementor_header_footer","meta":{"footnotes":""},"class_list":["post-1600","page","type-page","status-publish","hentry"],"_links":{"self":[{"href":"https:\/\/mypureestate.com\/en\/wp-json\/wp\/v2\/pages\/1600","targetHints":{"allow":["GET"]}}],"collection":[{"href":"https:\/\/mypureestate.com\/en\/wp-json\/wp\/v2\/pages"}],"about":[{"href":"https:\/\/mypureestate.com\/en\/wp-json\/wp\/v2\/types\/page"}],"author":[{"embeddable":true,"href":"https:\/\/mypureestate.com\/en\/wp-json\/wp\/v2\/users\/1"}],"replies":[{"embeddable":true,"href":"https:\/\/mypureestate.com\/en\/wp-json\/wp\/v2\/comments?post=1600"}],"version-history":[{"count":16,"href":"https:\/\/mypureestate.com\/en\/wp-json\/wp\/v2\/pages\/1600\/revisions"}],"predecessor-version":[{"id":1676,"href":"https:\/\/mypureestate.com\/en\/wp-json\/wp\/v2\/pages\/1600\/revisions\/1676"}],"wp:attachment":[{"href":"https:\/\/mypureestate.com\/en\/wp-json\/wp\/v2\/media?parent=1600"}],"curies":[{"name":"wp","href":"https:\/\/api.w.org\/{rel}","templated":true}]}}