{"id":2214,"date":"2025-05-23T13:42:10","date_gmt":"2025-05-23T13:42:10","guid":{"rendered":"https:\/\/mypureestate.com\/appartements-a-la-vente-a-marrakech-copy\/"},"modified":"2025-05-23T14:09:47","modified_gmt":"2025-05-23T14:09:47","slug":"biens-vendus","status":"publish","type":"page","link":"https:\/\/mypureestate.com\/en\/biens-vendus\/","title":{"rendered":"Sold Properties"},"content":{"rendered":"\t\t<div data-elementor-type=\"wp-page\" data-elementor-id=\"2214\" class=\"elementor elementor-2214\" wpc-filter-elementor-widget=\"1\" data-elementor-post-type=\"page\">\n\t\t\t\t<div class=\"elementor-element elementor-element-bf26c6f e-con-full e-flex e-con e-parent\" data-id=\"bf26c6f\" data-element_type=\"container\" data-e-type=\"container\" data-settings=\"{&quot;background_background&quot;:&quot;slideshow&quot;,&quot;background_slideshow_gallery&quot;:[{&quot;id&quot;:771,&quot;url&quot;:&quot;https:\\\/\\\/mypureestate.com\\\/wp-content\\\/uploads\\\/2018\\\/10\\\/portfolio-15.jpg&quot;},{&quot;id&quot;:779,&quot;url&quot;:&quot;https:\\\/\\\/mypureestate.com\\\/wp-content\\\/uploads\\\/2018\\\/10\\\/portfolio-13.jpg&quot;},{&quot;id&quot;:791,&quot;url&quot;:&quot;https:\\\/\\\/mypureestate.com\\\/wp-content\\\/uploads\\\/2018\\\/10\\\/portfolio-10.jpg&quot;},{&quot;id&quot;:787,&quot;url&quot;:&quot;https:\\\/\\\/mypureestate.com\\\/wp-content\\\/uploads\\\/2018\\\/10\\\/portfolio-11.jpg&quot;},{&quot;id&quot;:795,&quot;url&quot;:&quot;https:\\\/\\\/mypureestate.com\\\/wp-content\\\/uploads\\\/2018\\\/10\\\/portfolio-09.jpg&quot;}],&quot;jet_parallax_layout_list&quot;:[],&quot;background_slideshow_loop&quot;:&quot;yes&quot;,&quot;background_slideshow_slide_duration&quot;:5000,&quot;background_slideshow_slide_transition&quot;:&quot;fade&quot;,&quot;background_slideshow_transition_duration&quot;:500}\">\n\t\t<div class=\"elementor-element elementor-element-382c1bc elementor-hidden-mobile e-con-full e-flex e-con e-child\" data-id=\"382c1bc\" data-element_type=\"container\" data-e-type=\"container\" data-settings=\"{&quot;background_background&quot;:&quot;classic&quot;,&quot;jet_parallax_layout_list&quot;:[]}\">\n\t\t\t\t<div class=\"elementor-element elementor-element-0541b10 elementor-icon-list--layout-inline elementor-align-center listing elementor-list-item-link-full_width elementor-widget elementor-widget-icon-list\" data-id=\"0541b10\" data-element_type=\"widget\" data-e-type=\"widget\" data-widget_type=\"icon-list.default\">\n\t\t\t\t<div class=\"elementor-widget-container\">\n\t\t\t\t\t\t\t<ul class=\"elementor-icon-list-items elementor-inline-items\">\n\t\t\t\t\t\t\t<li class=\"elementor-icon-list-item elementor-inline-item\">\n\t\t\t\t\t\t\t\t\t\t\t<a href=\"https:\/\/mypureestate.com\/villas-a-la-vente\/\">\n\n\t\t\t\t\t\t\t\t\t\t\t<span class=\"elementor-icon-list-text\">Villas \u00e0 la vente<\/span>\n\t\t\t\t\t\t\t\t\t\t\t<\/a>\n\t\t\t\t\t\t\t\t\t<\/li>\n\t\t\t\t\t\t\t\t<li class=\"elementor-icon-list-item elementor-inline-item\">\n\t\t\t\t\t\t\t\t\t\t\t<a href=\"https:\/\/mypureestate.com\/appartements-a-la-vente-a-marrakech\/\">\n\n\t\t\t\t\t\t\t\t\t\t\t<span class=\"elementor-icon-list-text\">Appartements \u00e0 la vente<\/span>\n\t\t\t\t\t\t\t\t\t\t\t<\/a>\n\t\t\t\t\t\t\t\t\t<\/li>\n\t\t\t\t\t\t\t\t<li class=\"elementor-icon-list-item elementor-inline-item\">\n\t\t\t\t\t\t\t\t\t\t\t<a href=\"https:\/\/mypureestate.com\/vente-villa-sur-golf-marrakech\/\">\n\n\t\t\t\t\t\t\t\t\t\t\t<span class=\"elementor-icon-list-text\">Villas sur Golf<\/span>\n\t\t\t\t\t\t\t\t\t\t\t<\/a>\n\t\t\t\t\t\t\t\t\t<\/li>\n\t\t\t\t\t\t\t\t<li class=\"elementor-icon-list-item elementor-inline-item\">\n\t\t\t\t\t\t\t\t\t\t\t<a href=\"\/proprietes-de-prestige\/\">\n\n\t\t\t\t\t\t\t\t\t\t\t<span class=\"elementor-icon-list-text\">Propri\u00e9t\u00e9s de Prestige<\/span>\n\t\t\t\t\t\t\t\t\t\t\t<\/a>\n\t\t\t\t\t\t\t\t\t<\/li>\n\t\t\t\t\t\t\t\t<li class=\"elementor-icon-list-item elementor-inline-item\">\n\t\t\t\t\t\t\t\t\t\t\t<a href=\"\/contact\">\n\n\t\t\t\t\t\t\t\t\t\t\t<span class=\"elementor-icon-list-text\">Contact<\/span>\n\t\t\t\t\t\t\t\t\t\t\t<\/a>\n\t\t\t\t\t\t\t\t\t<\/li>\n\t\t\t\t\t\t<\/ul>\n\t\t\t\t\t\t<\/div>\n\t\t\t\t<\/div>\n\t\t\t\t<\/div>\n\t\t\t\t<\/div>\n\t\t<div class=\"elementor-element elementor-element-9ac1a87 e-flex e-con-boxed e-con e-parent\" data-id=\"9ac1a87\" data-element_type=\"container\" data-e-type=\"container\" data-settings=\"{&quot;jet_parallax_layout_list&quot;:[]}\">\n\t\t\t\t\t<div class=\"e-con-inner\">\n\t\t<div class=\"elementor-element elementor-element-364cac1 e-con-full e-flex e-con e-child\" data-id=\"364cac1\" data-element_type=\"container\" data-e-type=\"container\" data-settings=\"{&quot;jet_parallax_layout_list&quot;:[]}\">\n\t\t\t\t<div class=\"elementor-element elementor-element-b2679e3 elementor-widget elementor-widget-heading\" data-id=\"b2679e3\" data-element_type=\"widget\" data-e-type=\"widget\" data-widget_type=\"heading.default\">\n\t\t\t\t<div class=\"elementor-widget-container\">\n\t\t\t\t\t<h1 class=\"elementor-heading-title elementor-size-default\">Biens <span class='premium_color'>Vendus <\/span>\n<\/h1>\t\t\t\t<\/div>\n\t\t\t\t<\/div>\n\t\t\t\t<\/div>\n\t\t\t\t\t<\/div>\n\t\t\t\t<\/div>\n\t\t<div class=\"elementor-element elementor-element-e7e11d2 e-flex e-con-boxed e-con e-parent\" data-id=\"e7e11d2\" data-element_type=\"container\" data-e-type=\"container\" data-settings=\"{&quot;jet_parallax_layout_list&quot;:[]}\">\n\t\t\t\t\t<div class=\"e-con-inner\">\n\t\t<div class=\"elementor-element elementor-element-e9449d6 e-con-full search_bar e-flex e-con e-child\" data-id=\"e9449d6\" data-element_type=\"container\" data-e-type=\"container\" data-settings=\"{&quot;jet_parallax_layout_list&quot;:[],&quot;sticky&quot;:&quot;top&quot;,&quot;sticky_on&quot;:[&quot;desktop&quot;,&quot;tablet&quot;],&quot;sticky_offset&quot;:0,&quot;sticky_effects_offset&quot;:0,&quot;sticky_anchor_link_offset&quot;:0}\">\n\t\t\t\t<div class=\"elementor-element elementor-element-5fac96a elementor-widget elementor-widget-heading\" data-id=\"5fac96a\" data-element_type=\"widget\" data-e-type=\"widget\" data-widget_type=\"heading.default\">\n\t\t\t\t<div class=\"elementor-widget-container\">\n\t\t\t\t\t<h2 class=\"elementor-heading-title elementor-size-default\">Filtrer<\/h2>\t\t\t\t<\/div>\n\t\t\t\t<\/div>\n\t\t\t\t<div class=\"elementor-element elementor-element-365cb50 bar_searchh elementor-widget elementor-widget-shortcode\" data-id=\"365cb50\" data-element_type=\"widget\" data-e-type=\"widget\" data-widget_type=\"shortcode.default\">\n\t\t\t\t<div class=\"elementor-widget-container\">\n\t\t\t\t\t\t\t<div class=\"elementor-shortcode\"><div data-instance-id=\"1\" id=\"epl-search-container-instance-1\" class=\"epl-search-container\">\n\t\t\t<div class=\"epl-search-forms-wrapper epl-search-default\">\n\t\t\t\t\t<div class=\"epl-search-form epl-sb-current\" id=\"epl_ps_tab_1\">\n\t\t\t\t\t\t<form method=\"get\" action=\"https:\/\/mypureestate.com\/en\/\">\n\t\t\t\t<input type=\"hidden\" name=\"action\" value=\"epl_search\" \/>\n\t\t\t\t\t\t<input type=\"hidden\" class=\"in-field field-width post_type\"\n\t\t\tname=\"post_type\"\n\t\t\tid=\"post_type\"\n\t\t\tvalue=\"property\"\n\t\t\/>\n\t\t\t\t<input type=\"hidden\" class=\"in-field field-width property_status\"\n\t\t\tname=\"property_status\"\n\t\t\tid=\"property_status\"\n\t\t\tvalue=\"\"\n\t\t\/>\n\t\t\t\t<div class=\"epl-search-row epl-search-row-select epl-property_location fm-block epl-search-row-full\">\n\t\t\t<label for=\"property_location\" class=\"epl-search-label fm-label\">\n\t\t\t\tSuburb\t\t\t<\/label>\n\t\t\t<div class=\"field\">\n\t\t\t\t\t\t\t\t<select\n\t\t\t\t\tname=\"property_location\"\n\t\t\t\t\tid=\"property_location\"\n\t\t\t\t\t\t\t\t\t\tclass=\"in-field field-width property_location\">\n\t\t\t\t\t<option value=\"\">\n\t\t\t\t\t\tAny\t\t\t\t\t<\/option>\n\t\t\t\t\t<option value=\"52\">app<\/option><option value=\"55\">riad<\/option><option value=\"53\">villa<\/option>\t\t\t\t<\/select>\n\t\t\t<\/div>\n\t\t<\/div>\n\t\t\t\t<div class=\"epl-search-row epl-search-row-select epl-property_address_city fm-block epl-search-row-half\">\n\t\t\t<label for=\"property_address_city\" class=\"epl-search-label fm-label\">\n\t\t\t\tVille\t\t\t<\/label>\n\t\t\t<div class=\"field\">\n\t\t\t\t\t\t\t\t<select\n\t\t\t\t\tname=\"property_address_city\"\n\t\t\t\t\tid=\"property_address_city\"\n\t\t\t\t\t\t\t\t\t\tclass=\"in-field field-width property_address_city\">\n\t\t\t\t\t<option value=\"\">\n\t\t\t\t\t\tAny\t\t\t\t\t<\/option>\n\t\t\t\t\t<option value=\"Gu\u00e9liz\">Gu\u00e9liz<\/option><option value=\"Medina\">Medina<\/option><option value=\"Mouad\">Mouad<\/option><option value=\"Palmerie\">Palmerie<\/option><option value=\"Rte Amzmiz\">Rte Amzmiz<\/option><option value=\"Rte Sidi ghayat\">Rte Sidi Ghayat<\/option>\t\t\t\t<\/select>\n\t\t\t<\/div>\n\t\t<\/div>\n\t\t\t\t<div class=\"epl-search-row epl-search-row-select epl-property_category fm-block epl-search-row-full\">\n\t\t\t<label for=\"property_category\" class=\"epl-search-label fm-label\">\n\t\t\t\tHouse Category\t\t\t<\/label>\n\t\t\t<div class=\"field\">\n\t\t\t\t\t\t\t\t<select\n\t\t\t\t\tname=\"property_category\"\n\t\t\t\t\tid=\"property_category\"\n\t\t\t\t\t\t\t\t\t\tclass=\"in-field field-width property_category\">\n\t\t\t\t\t<option value=\"\">\n\t\t\t\t\t\tAny\t\t\t\t\t<\/option>\n\t\t\t\t\t<option value=\"Flat\">Flat<\/option><option value=\"House\">House<\/option><option value=\"Villa\">Villa<\/option><option value=\"Apartment\">Apartment<\/option>\t\t\t\t<\/select>\n\t\t\t<\/div>\n\t\t<\/div>\n\t\t\t\t<div class=\"epl-search-row epl-search-row-select epl-property_price_from fm-block epl-search-row-half\">\n\t\t\t<label for=\"property_price_from\" class=\"epl-search-label fm-label\">\n\t\t\t\tPrice From\t\t\t<\/label>\n\t\t\t<div class=\"field\">\n\t\t\t\t\t\t\t\t<select\n\t\t\t\t\tname=\"property_price_from\"\n\t\t\t\t\tid=\"property_price_from\"\n\t\t\t\t\t data-min=\"50000\" data-max=\"10000000\" \t\t\t\t\tclass=\"in-field field-width property_price_from\">\n\t\t\t\t\t<option value=\"\">\n\t\t\t\t\t\tAny\t\t\t\t\t<\/option>\n\t\t\t\t\t<option value=\"50000\">50,000&#036;<\/option><option value=\"100000\">100,000&#036;<\/option><option value=\"150000\">150,000&#036;<\/option><option value=\"200000\">200,000&#036;<\/option><option value=\"250000\">250,000&#036;<\/option><option value=\"300000\">300,000&#036;<\/option><option value=\"350000\">350,000&#036;<\/option><option value=\"400000\">400,000&#036;<\/option><option value=\"450000\">450,000&#036;<\/option><option value=\"500000\">500,000&#036;<\/option><option value=\"550000\">550,000&#036;<\/option><option value=\"600000\">600,000&#036;<\/option><option value=\"650000\">650,000&#036;<\/option><option value=\"700000\">700,000&#036;<\/option><option value=\"750000\">750,000&#036;<\/option><option value=\"800000\">800,000&#036;<\/option><option value=\"850000\">850,000&#036;<\/option><option value=\"900000\">900,000&#036;<\/option><option value=\"950000\">950,000&#036;<\/option><option value=\"1000000\">1,000,000&#036;<\/option><option value=\"1250000\">1,250,000&#036;<\/option><option value=\"1500000\">1,500,000&#036;<\/option><option value=\"1750000\">1,750,000&#036;<\/option><option value=\"2000000\">2,000,000&#036;<\/option><option value=\"2250000\">2,250,000&#036;<\/option><option value=\"2500000\">2,500,000&#036;<\/option><option value=\"2750000\">2,750,000&#036;<\/option><option value=\"3000000\">3,000,000&#036;<\/option><option value=\"4000000\">4,000,000&#036;<\/option><option value=\"5000000\">5,000,000&#036;<\/option><option value=\"10000000\">10,000,000&#036;<\/option>\t\t\t\t<\/select>\n\t\t\t<\/div>\n\t\t<\/div>\n\t\t\t\t<div class=\"epl-search-row epl-search-row-select epl-property_price_to fm-block epl-search-row-half\">\n\t\t\t<label for=\"property_price_to\" class=\"epl-search-label fm-label\">\n\t\t\t\tPrice To\t\t\t<\/label>\n\t\t\t<div class=\"field\">\n\t\t\t\t\t\t\t\t<select\n\t\t\t\t\tname=\"property_price_to\"\n\t\t\t\t\tid=\"property_price_to\"\n\t\t\t\t\t data-min=\"50000\" data-max=\"10000000\" \t\t\t\t\tclass=\"in-field field-width property_price_to\">\n\t\t\t\t\t<option value=\"\">\n\t\t\t\t\t\tAny\t\t\t\t\t<\/option>\n\t\t\t\t\t<option value=\"50000\">50,000&#036;<\/option><option value=\"100000\">100,000&#036;<\/option><option value=\"150000\">150,000&#036;<\/option><option value=\"200000\">200,000&#036;<\/option><option value=\"250000\">250,000&#036;<\/option><option value=\"300000\">300,000&#036;<\/option><option value=\"350000\">350,000&#036;<\/option><option value=\"400000\">400,000&#036;<\/option><option value=\"450000\">450,000&#036;<\/option><option value=\"500000\">500,000&#036;<\/option><option value=\"550000\">550,000&#036;<\/option><option value=\"600000\">600,000&#036;<\/option><option value=\"650000\">650,000&#036;<\/option><option value=\"700000\">700,000&#036;<\/option><option value=\"750000\">750,000&#036;<\/option><option value=\"800000\">800,000&#036;<\/option><option value=\"850000\">850,000&#036;<\/option><option value=\"900000\">900,000&#036;<\/option><option value=\"950000\">950,000&#036;<\/option><option value=\"1000000\">1,000,000&#036;<\/option><option value=\"1250000\">1,250,000&#036;<\/option><option value=\"1500000\">1,500,000&#036;<\/option><option value=\"1750000\">1,750,000&#036;<\/option><option value=\"2000000\">2,000,000&#036;<\/option><option value=\"2250000\">2,250,000&#036;<\/option><option value=\"2500000\">2,500,000&#036;<\/option><option value=\"2750000\">2,750,000&#036;<\/option><option value=\"3000000\">3,000,000&#036;<\/option><option value=\"4000000\">4,000,000&#036;<\/option><option value=\"5000000\">5,000,000&#036;<\/option><option value=\"10000000\">10,000,000&#036;<\/option>\t\t\t\t<\/select>\n\t\t\t<\/div>\n\t\t<\/div>\n\t\t\t\t<div class=\"epl-search-row epl-search-row-select epl-property_bedrooms_min fm-block epl-search-row-half\">\n\t\t\t<label for=\"property_bedrooms_min\" class=\"epl-search-label fm-label\">\n\t\t\t\tBedrooms Min\t\t\t<\/label>\n\t\t\t<div class=\"field\">\n\t\t\t\t\t\t\t\t<select\n\t\t\t\t\tname=\"property_bedrooms_min\"\n\t\t\t\t\tid=\"property_bedrooms_min\"\n\t\t\t\t\t data-min=\"1\" data-max=\"10\" \t\t\t\t\tclass=\"in-field field-width property_bedrooms_min\">\n\t\t\t\t\t<option value=\"\">\n\t\t\t\t\t\tAny\t\t\t\t\t<\/option>\n\t\t\t\t\t<option value=\"1\">1 +<\/option><option value=\"2\">2 +<\/option><option value=\"3\">3 +<\/option><option value=\"4\">4 +<\/option><option value=\"5\">5 +<\/option><option value=\"6\">6 +<\/option><option value=\"7\">7 +<\/option><option value=\"8\">8 +<\/option><option value=\"9\">9 +<\/option><option value=\"10\">10 +<\/option>\t\t\t\t<\/select>\n\t\t\t<\/div>\n\t\t<\/div>\n\t\t\t\t<div class=\"epl-search-row epl-search-row-select epl-property_bedrooms_max fm-block epl-search-row-half\">\n\t\t\t<label for=\"property_bedrooms_max\" class=\"epl-search-label fm-label\">\n\t\t\t\tBedrooms Max\t\t\t<\/label>\n\t\t\t<div class=\"field\">\n\t\t\t\t\t\t\t\t<select\n\t\t\t\t\tname=\"property_bedrooms_max\"\n\t\t\t\t\tid=\"property_bedrooms_max\"\n\t\t\t\t\t data-min=\"1\" data-max=\"10\" \t\t\t\t\tclass=\"in-field field-width property_bedrooms_max\">\n\t\t\t\t\t<option value=\"\">\n\t\t\t\t\t\tAny\t\t\t\t\t<\/option>\n\t\t\t\t\t<option value=\"1\">1 +<\/option><option value=\"2\">2 +<\/option><option value=\"3\">3 +<\/option><option value=\"4\">4 +<\/option><option value=\"5\">5 +<\/option><option value=\"6\">6 +<\/option><option value=\"7\">7 +<\/option><option value=\"8\">8 +<\/option><option value=\"9\">9 +<\/option><option value=\"10\">10 +<\/option>\t\t\t\t<\/select>\n\t\t\t<\/div>\n\t\t<\/div>\n\t\t\t\t<div class=\"epl-search-row epl-search-row-select epl-property_bathrooms fm-block epl-search-row-half\">\n\t\t\t<label for=\"property_bathrooms\" class=\"epl-search-label fm-label\">\n\t\t\t\tBathrooms\t\t\t<\/label>\n\t\t\t<div class=\"field\">\n\t\t\t\t\t\t\t\t<select\n\t\t\t\t\tname=\"property_bathrooms\"\n\t\t\t\t\tid=\"property_bathrooms\"\n\t\t\t\t\t data-min=\"1\" data-max=\"3\" \t\t\t\t\tclass=\"in-field field-width property_bathrooms\">\n\t\t\t\t\t<option value=\"\">\n\t\t\t\t\t\tAny\t\t\t\t\t<\/option>\n\t\t\t\t\t<option value=\"1\">1 +<\/option><option value=\"2\">2 +<\/option><option value=\"3\">3 +<\/option>\t\t\t\t<\/select>\n\t\t\t<\/div>\n\t\t<\/div>\n\t\t<div class=\"epl-search-row epl-search-other\">\t\t\t\t<span class=\"epl-search-row epl-search-row-checkbox epl-search-row-half\">\n\t\t\t<input type=\"checkbox\" name=\"property_air_conditioning\" id=\"property_air_conditioning\" class=\"in-field property_air_conditioning\"\n\t\t\t\t\t\t\/>\n\t\t\t<label for=\"property_air_conditioning\" class=\"check-label\">\n\t\t\tAir Conditioning\t\t\t<\/label>\n\t\t<\/span>\n\t\t\t\t\t\t<span class=\"epl-search-row epl-search-row-checkbox epl-search-row-half\">\n\t\t\t<input type=\"checkbox\" name=\"property_pool\" id=\"property_pool\" class=\"in-field property_pool\"\n\t\t\t\t\t\t\/>\n\t\t\t<label for=\"property_pool\" class=\"check-label\">\n\t\t\tPool\t\t\t<\/label>\n\t\t<\/span>\n\t\t\t\t\t\t<span class=\"epl-search-row epl-search-row-checkbox epl-search-row-half\">\n\t\t\t<input type=\"checkbox\" name=\"property_security_system\" id=\"property_security_system\" class=\"in-field property_security_system\"\n\t\t\t\t\t\t\/>\n\t\t\t<label for=\"property_security_system\" class=\"check-label\">\n\t\t\tSecurity\t\t\t<\/label>\n\t\t<\/span>\n\t\t<\/div>\t\t\t\t\t<div class=\"epl-search-submit-row epl-search-submit property-type-search\">\n\t\t\t\t\t\t<input type=\"submit\" value=\"Search\" class=\"epl-search-btn\" \/>\n\t\t\t\t\t<\/div>\n\t\t\t\t\t<input type=\"hidden\" name=\"instance_id\" value=\"1\">\n\t\t\t\t\t<input type=\"hidden\" name=\"form_tab\" value=\"1\">\n\t\t\t\t<\/form>\n\t\t\t\t<\/div>\n\t\t\t\t\t<\/div>\n\t<\/div>\n\n<\/div>\n\t\t\t\t\t\t<\/div>\n\t\t\t\t<\/div>\n\t\t\t\t<\/div>\n\t\t<div class=\"elementor-element elementor-element-5fb4e06 e-con-full e-flex e-con e-child\" data-id=\"5fb4e06\" data-element_type=\"container\" data-e-type=\"container\" data-settings=\"{&quot;jet_parallax_layout_list&quot;:[]}\">\n\t\t\t\t<div class=\"elementor-element elementor-element-222d0c9 props elementor-widget elementor-widget-shortcode\" data-id=\"222d0c9\" data-element_type=\"widget\" data-e-type=\"widget\" data-widget_type=\"shortcode.default\">\n\t\t\t\t<div class=\"elementor-widget-container\">\n\t\t\t\t\t\t\t<div class=\"elementor-shortcode\"><h3 class=\"epl-alert epl-shortcode-results-message epl-shortcode-results-message-default\">Nothing found, please check back later.<\/h3>\n\n<\/div>\n\t\t\t\t\t\t<\/div>\n\t\t\t\t<\/div>\n\t\t\t\t<\/div>\n\t\t\t\t\t<\/div>\n\t\t\t\t<\/div>\n\t\t\t\t<\/div>\n\t\t","protected":false},"excerpt":{"rendered":"<p>Villas \u00e0 la vente Appartements \u00e0 la vente Villas sur Golf Propri\u00e9t\u00e9s de Prestige Contact Biens Vendus Filtrer<\/p>","protected":false},"author":1,"featured_media":0,"parent":0,"menu_order":0,"comment_status":"closed","ping_status":"closed","template":"elementor_header_footer","meta":{"footnotes":""},"class_list":["post-2214","page","type-page","status-publish","hentry"],"_links":{"self":[{"href":"https:\/\/mypureestate.com\/en\/wp-json\/wp\/v2\/pages\/2214","targetHints":{"allow":["GET"]}}],"collection":[{"href":"https:\/\/mypureestate.com\/en\/wp-json\/wp\/v2\/pages"}],"about":[{"href":"https:\/\/mypureestate.com\/en\/wp-json\/wp\/v2\/types\/page"}],"author":[{"embeddable":true,"href":"https:\/\/mypureestate.com\/en\/wp-json\/wp\/v2\/users\/1"}],"replies":[{"embeddable":true,"href":"https:\/\/mypureestate.com\/en\/wp-json\/wp\/v2\/comments?post=2214"}],"version-history":[{"count":7,"href":"https:\/\/mypureestate.com\/en\/wp-json\/wp\/v2\/pages\/2214\/revisions"}],"predecessor-version":[{"id":2229,"href":"https:\/\/mypureestate.com\/en\/wp-json\/wp\/v2\/pages\/2214\/revisions\/2229"}],"wp:attachment":[{"href":"https:\/\/mypureestate.com\/en\/wp-json\/wp\/v2\/media?parent=2214"}],"curies":[{"name":"wp","href":"https:\/\/api.w.org\/{rel}","templated":true}]}}