{"id":2230,"date":"2025-05-23T14:10:13","date_gmt":"2025-05-23T14:10:13","guid":{"rendered":"https:\/\/mypureestate.com\/biens-vendus-copy\/"},"modified":"2025-05-25T14:11:39","modified_gmt":"2025-05-25T14:11:39","slug":"netlink","status":"publish","type":"page","link":"https:\/\/mypureestate.com\/en\/netlink\/","title":{"rendered":"Netlink"},"content":{"rendered":"\t\t<div data-elementor-type=\"wp-page\" data-elementor-id=\"2230\" class=\"elementor elementor-2230\" wpc-filter-elementor-widget=\"1\" data-elementor-post-type=\"page\">\n\t\t\t\t<div class=\"elementor-element elementor-element-bf26c6f e-con-full e-flex e-con e-parent\" data-id=\"bf26c6f\" data-element_type=\"container\" data-e-type=\"container\" data-settings=\"{&quot;background_background&quot;:&quot;slideshow&quot;,&quot;background_slideshow_gallery&quot;:[{&quot;id&quot;:771,&quot;url&quot;:&quot;https:\\\/\\\/mypureestate.com\\\/wp-content\\\/uploads\\\/2018\\\/10\\\/portfolio-15.jpg&quot;},{&quot;id&quot;:779,&quot;url&quot;:&quot;https:\\\/\\\/mypureestate.com\\\/wp-content\\\/uploads\\\/2018\\\/10\\\/portfolio-13.jpg&quot;},{&quot;id&quot;:791,&quot;url&quot;:&quot;https:\\\/\\\/mypureestate.com\\\/wp-content\\\/uploads\\\/2018\\\/10\\\/portfolio-10.jpg&quot;},{&quot;id&quot;:787,&quot;url&quot;:&quot;https:\\\/\\\/mypureestate.com\\\/wp-content\\\/uploads\\\/2018\\\/10\\\/portfolio-11.jpg&quot;},{&quot;id&quot;:795,&quot;url&quot;:&quot;https:\\\/\\\/mypureestate.com\\\/wp-content\\\/uploads\\\/2018\\\/10\\\/portfolio-09.jpg&quot;}],&quot;jet_parallax_layout_list&quot;:[],&quot;background_slideshow_loop&quot;:&quot;yes&quot;,&quot;background_slideshow_slide_duration&quot;:5000,&quot;background_slideshow_slide_transition&quot;:&quot;fade&quot;,&quot;background_slideshow_transition_duration&quot;:500}\">\n\t\t<div class=\"elementor-element elementor-element-382c1bc elementor-hidden-mobile e-con-full e-flex e-con e-child\" data-id=\"382c1bc\" data-element_type=\"container\" data-e-type=\"container\" data-settings=\"{&quot;background_background&quot;:&quot;classic&quot;,&quot;jet_parallax_layout_list&quot;:[]}\">\n\t\t\t\t<div class=\"elementor-element elementor-element-0541b10 elementor-icon-list--layout-inline elementor-align-center listing elementor-list-item-link-full_width elementor-widget elementor-widget-icon-list\" data-id=\"0541b10\" data-element_type=\"widget\" data-e-type=\"widget\" data-widget_type=\"icon-list.default\">\n\t\t\t\t<div class=\"elementor-widget-container\">\n\t\t\t\t\t\t\t<ul class=\"elementor-icon-list-items elementor-inline-items\">\n\t\t\t\t\t\t\t<li class=\"elementor-icon-list-item elementor-inline-item\">\n\t\t\t\t\t\t\t\t\t\t\t<a href=\"https:\/\/mypureestate.com\/villas-a-la-vente\/\">\n\n\t\t\t\t\t\t\t\t\t\t\t<span class=\"elementor-icon-list-text\">Villas \u00e0 la vente<\/span>\n\t\t\t\t\t\t\t\t\t\t\t<\/a>\n\t\t\t\t\t\t\t\t\t<\/li>\n\t\t\t\t\t\t\t\t<li class=\"elementor-icon-list-item elementor-inline-item\">\n\t\t\t\t\t\t\t\t\t\t\t<a href=\"https:\/\/mypureestate.com\/appartements-a-la-vente-a-marrakech\/\">\n\n\t\t\t\t\t\t\t\t\t\t\t<span class=\"elementor-icon-list-text\">Appartements \u00e0 la vente<\/span>\n\t\t\t\t\t\t\t\t\t\t\t<\/a>\n\t\t\t\t\t\t\t\t\t<\/li>\n\t\t\t\t\t\t\t\t<li class=\"elementor-icon-list-item elementor-inline-item\">\n\t\t\t\t\t\t\t\t\t\t\t<a href=\"https:\/\/mypureestate.com\/vente-villa-sur-golf-marrakech\/\">\n\n\t\t\t\t\t\t\t\t\t\t\t<span class=\"elementor-icon-list-text\">Villas sur Golf<\/span>\n\t\t\t\t\t\t\t\t\t\t\t<\/a>\n\t\t\t\t\t\t\t\t\t<\/li>\n\t\t\t\t\t\t\t\t<li class=\"elementor-icon-list-item elementor-inline-item\">\n\t\t\t\t\t\t\t\t\t\t\t<a href=\"\/proprietes-de-prestige\/\">\n\n\t\t\t\t\t\t\t\t\t\t\t<span class=\"elementor-icon-list-text\">Propri\u00e9t\u00e9s de Prestige<\/span>\n\t\t\t\t\t\t\t\t\t\t\t<\/a>\n\t\t\t\t\t\t\t\t\t<\/li>\n\t\t\t\t\t\t\t\t<li class=\"elementor-icon-list-item elementor-inline-item\">\n\t\t\t\t\t\t\t\t\t\t\t<a href=\"\/contact\">\n\n\t\t\t\t\t\t\t\t\t\t\t<span class=\"elementor-icon-list-text\">Contact<\/span>\n\t\t\t\t\t\t\t\t\t\t\t<\/a>\n\t\t\t\t\t\t\t\t\t<\/li>\n\t\t\t\t\t\t<\/ul>\n\t\t\t\t\t\t<\/div>\n\t\t\t\t<\/div>\n\t\t\t\t<\/div>\n\t\t\t\t<\/div>\n\t\t<div class=\"elementor-element elementor-element-9ac1a87 e-flex e-con-boxed e-con e-parent\" data-id=\"9ac1a87\" data-element_type=\"container\" data-e-type=\"container\" data-settings=\"{&quot;jet_parallax_layout_list&quot;:[]}\">\n\t\t\t\t\t<div class=\"e-con-inner\">\n\t\t<div class=\"elementor-element elementor-element-364cac1 e-con-full e-flex e-con e-child\" data-id=\"364cac1\" data-element_type=\"container\" data-e-type=\"container\" data-settings=\"{&quot;jet_parallax_layout_list&quot;:[]}\">\n\t\t\t\t<div class=\"elementor-element elementor-element-b2679e3 elementor-widget elementor-widget-heading\" data-id=\"b2679e3\" data-element_type=\"widget\" data-e-type=\"widget\" data-widget_type=\"heading.default\">\n\t\t\t\t<div class=\"elementor-widget-container\">\n\t\t\t\t\t<h1 class=\"elementor-heading-title elementor-size-default\">Netlink<\/h1>\t\t\t\t<\/div>\n\t\t\t\t<\/div>\n\t\t\t\t<\/div>\n\t\t\t\t\t<\/div>\n\t\t\t\t<\/div>\n\t\t<div class=\"elementor-element elementor-element-e7e11d2 e-flex e-con-boxed e-con e-parent\" data-id=\"e7e11d2\" data-element_type=\"container\" data-e-type=\"container\" data-settings=\"{&quot;jet_parallax_layout_list&quot;:[]}\">\n\t\t\t\t\t<div class=\"e-con-inner\">\n\t\t<div class=\"elementor-element elementor-element-5fb4e06 e-con-full e-flex e-con e-child\" data-id=\"5fb4e06\" data-element_type=\"container\" data-e-type=\"container\" data-settings=\"{&quot;jet_parallax_layout_list&quot;:[]}\">\n\t\t\t\t<div class=\"elementor-element elementor-element-3f42291 posts_style elementor-widget elementor-widget-jet-posts\" data-id=\"3f42291\" data-element_type=\"widget\" data-e-type=\"widget\" data-settings=\"{&quot;columns&quot;:&quot;3&quot;,&quot;columns_tablet&quot;:&quot;2&quot;,&quot;columns_mobile&quot;:&quot;1&quot;,&quot;slides_to_scroll&quot;:&quot;1&quot;}\" data-widget_type=\"jet-posts.default\">\n\t\t\t\t<div class=\"elementor-widget-container\">\n\t\t\t\t\t<div class=\"elementor-jet-posts jet-elements\"><div class=\"jet-posts col-row \"><div class=\"jet-posts__item\">\n\t<div class=\"jet-posts__inner-box\"><div class=\"post-thumbnail\"><a href=\"https:\/\/mypureestate.com\/well-make-it-as-smooth-as-possible-3\/\" class=\"post-thumbnail__link\"><img decoding=\"async\" class=\"post-thumbnail__img wp-post-image lazyload\" data-src=\"https:\/\/mypureestate.com\/wp-content\/uploads\/2018\/10\/about-bg-05.jpg\" alt=\"We\u2019ll make it as smooth as possible\" width=\"324\" height=\"206\" src=\"data:image\/svg+xml;base64,PHN2ZyB3aWR0aD0iMSIgaGVpZ2h0PSIxIiB4bWxucz0iaHR0cDovL3d3dy53My5vcmcvMjAwMC9zdmciPjwvc3ZnPg==\" style=\"--smush-placeholder-width: 324px; --smush-placeholder-aspect-ratio: 324\/206;\"><\/a><\/div><div class=\"jet-posts__inner-content\"><h4 class=\"entry-title\"><a href=\"https:\/\/mypureestate.com\/well-make-it-as-smooth-as-possible-3\/\" target=\"\">We\u2019ll make it as smooth as possible<\/a><\/h4><div class=\"post-meta\"><\/div><div class=\"jet-more-wrap\"><a href=\"https:\/\/mypureestate.com\/well-make-it-as-smooth-as-possible-3\/\" class=\"btn btn-primary elementor-button elementor-size-md jet-more\" target=\"\"><span class=\"btn__text\">Lire plus<\/span><\/a><\/div><\/div><\/div>\n<\/div>\n<div class=\"jet-posts__item\">\n\t<div class=\"jet-posts__inner-box\"><div class=\"post-thumbnail\"><a href=\"https:\/\/mypureestate.com\/well-make-it-as-smooth-as-possible-2\/\" class=\"post-thumbnail__link\"><img decoding=\"async\" class=\"post-thumbnail__img wp-post-image lazyload\" data-src=\"https:\/\/mypureestate.com\/wp-content\/uploads\/2018\/10\/about-bg-04.jpg\" alt=\"We\u2019ll make it as smooth as possible\" width=\"324\" height=\"206\" src=\"data:image\/svg+xml;base64,PHN2ZyB3aWR0aD0iMSIgaGVpZ2h0PSIxIiB4bWxucz0iaHR0cDovL3d3dy53My5vcmcvMjAwMC9zdmciPjwvc3ZnPg==\" style=\"--smush-placeholder-width: 324px; --smush-placeholder-aspect-ratio: 324\/206;\"><\/a><\/div><div class=\"jet-posts__inner-content\"><h4 class=\"entry-title\"><a href=\"https:\/\/mypureestate.com\/well-make-it-as-smooth-as-possible-2\/\" target=\"\">We\u2019ll make it as smooth as possible<\/a><\/h4><div class=\"post-meta\"><\/div><div class=\"jet-more-wrap\"><a href=\"https:\/\/mypureestate.com\/well-make-it-as-smooth-as-possible-2\/\" class=\"btn btn-primary elementor-button elementor-size-md jet-more\" target=\"\"><span class=\"btn__text\">Lire plus<\/span><\/a><\/div><\/div><\/div>\n<\/div>\n<div class=\"jet-posts__item\">\n\t<div class=\"jet-posts__inner-box\"><div class=\"post-thumbnail\"><a href=\"https:\/\/mypureestate.com\/well-make-it-as-smooth-as-possible\/\" class=\"post-thumbnail__link\"><img decoding=\"async\" class=\"post-thumbnail__img wp-post-image lazyload\" data-src=\"https:\/\/mypureestate.com\/wp-content\/uploads\/2018\/10\/about-bg-03.jpg\" alt=\"We\u2019ll make it as smooth as possible\" width=\"324\" height=\"206\" src=\"data:image\/svg+xml;base64,PHN2ZyB3aWR0aD0iMSIgaGVpZ2h0PSIxIiB4bWxucz0iaHR0cDovL3d3dy53My5vcmcvMjAwMC9zdmciPjwvc3ZnPg==\" style=\"--smush-placeholder-width: 324px; --smush-placeholder-aspect-ratio: 324\/206;\"><\/a><\/div><div class=\"jet-posts__inner-content\"><h4 class=\"entry-title\"><a href=\"https:\/\/mypureestate.com\/well-make-it-as-smooth-as-possible\/\" target=\"\">We\u2019ll make it as smooth as possible<\/a><\/h4><div class=\"post-meta\"><\/div><div class=\"jet-more-wrap\"><a href=\"https:\/\/mypureestate.com\/well-make-it-as-smooth-as-possible\/\" class=\"btn btn-primary elementor-button elementor-size-md jet-more\" target=\"\"><span class=\"btn__text\">Lire plus<\/span><\/a><\/div><\/div><\/div>\n<\/div>\n<div class=\"jet-posts__item\">\n\t<div class=\"jet-posts__inner-box\"><div class=\"post-thumbnail\"><a href=\"https:\/\/mypureestate.com\/mauris-ac-risus-neque-ut\/\" class=\"post-thumbnail__link\"><img decoding=\"async\" class=\"post-thumbnail__img wp-post-image lazyload\" data-src=\"https:\/\/mypureestate.com\/wp-content\/uploads\/2018\/10\/blog-01-ncppb5mrk7sgzlc7lut167enp73l0k4xew5j8ycuc4.jpg\" alt=\"MAURIS AC RISUS NEQUE, UT\" width=\"1140\" height=\"450\" src=\"data:image\/svg+xml;base64,PHN2ZyB3aWR0aD0iMSIgaGVpZ2h0PSIxIiB4bWxucz0iaHR0cDovL3d3dy53My5vcmcvMjAwMC9zdmciPjwvc3ZnPg==\" style=\"--smush-placeholder-width: 1140px; --smush-placeholder-aspect-ratio: 1140\/450;\"><\/a><\/div><div class=\"jet-posts__inner-content\"><h4 class=\"entry-title\"><a href=\"https:\/\/mypureestate.com\/mauris-ac-risus-neque-ut\/\" target=\"\">MAURIS AC RISUS NEQUE, UT<\/a><\/h4><div class=\"post-meta\"><\/div><div class=\"entry-excerpt\">Suspendisse blandit ligula turpis, ac convallis risus fermentum non. Duis vestibulum quis quam vel accumsan. Nunc a vulputate lectus. Vestibulum&hellip;<\/div><div class=\"jet-more-wrap\"><a href=\"https:\/\/mypureestate.com\/mauris-ac-risus-neque-ut\/\" class=\"btn btn-primary elementor-button elementor-size-md jet-more\" target=\"\"><span class=\"btn__text\">Lire plus<\/span><\/a><\/div><\/div><\/div>\n<\/div>\n<div class=\"jet-posts__item\">\n\t<div class=\"jet-posts__inner-box\"><div class=\"post-thumbnail\"><a href=\"https:\/\/mypureestate.com\/proin-urna-enim-semper-at-egestas\/\" class=\"post-thumbnail__link\"><img decoding=\"async\" class=\"post-thumbnail__img wp-post-image lazyload\" data-src=\"https:\/\/mypureestate.com\/wp-content\/uploads\/2018\/10\/blog-02-ncppb5mrk7sgzlc7lut167enp73l0k4xew5j8ycuc4.jpg\" alt=\"PROIN URNA ENIM, SEMPER AT EGESTAS\" width=\"1140\" height=\"450\" src=\"data:image\/svg+xml;base64,PHN2ZyB3aWR0aD0iMSIgaGVpZ2h0PSIxIiB4bWxucz0iaHR0cDovL3d3dy53My5vcmcvMjAwMC9zdmciPjwvc3ZnPg==\" style=\"--smush-placeholder-width: 1140px; --smush-placeholder-aspect-ratio: 1140\/450;\"><\/a><\/div><div class=\"jet-posts__inner-content\"><h4 class=\"entry-title\"><a href=\"https:\/\/mypureestate.com\/proin-urna-enim-semper-at-egestas\/\" target=\"\">PROIN URNA ENIM, SEMPER AT EGESTAS<\/a><\/h4><div class=\"post-meta\"><\/div><div class=\"entry-excerpt\">Suspendisse blandit ligula turpis, ac convallis risus fermentum non. Duis vestibulum quis quam vel accumsan. Nunc a vulputate lectus. Vestibulum&hellip;<\/div><div class=\"jet-more-wrap\"><a href=\"https:\/\/mypureestate.com\/proin-urna-enim-semper-at-egestas\/\" class=\"btn btn-primary elementor-button elementor-size-md jet-more\" target=\"\"><span class=\"btn__text\">Lire plus<\/span><\/a><\/div><\/div><\/div>\n<\/div>\n<div class=\"jet-posts__item\">\n\t<div class=\"jet-posts__inner-box\"><div class=\"post-thumbnail\"><a href=\"https:\/\/mypureestate.com\/interdum-suscipit-dui\/\" class=\"post-thumbnail__link\"><img decoding=\"async\" class=\"post-thumbnail__img wp-post-image lazyload\" data-src=\"https:\/\/mypureestate.com\/wp-content\/uploads\/2018\/10\/blog-03-ncppb6klr1trb7augd7nqp64akyy898nr0t0q8bg5w.jpg\" alt=\"INTERDUM SUSCIPIT DUI\" width=\"1140\" height=\"450\" src=\"data:image\/svg+xml;base64,PHN2ZyB3aWR0aD0iMSIgaGVpZ2h0PSIxIiB4bWxucz0iaHR0cDovL3d3dy53My5vcmcvMjAwMC9zdmciPjwvc3ZnPg==\" style=\"--smush-placeholder-width: 1140px; --smush-placeholder-aspect-ratio: 1140\/450;\"><\/a><\/div><div class=\"jet-posts__inner-content\"><h4 class=\"entry-title\"><a href=\"https:\/\/mypureestate.com\/interdum-suscipit-dui\/\" target=\"\">INTERDUM SUSCIPIT DUI<\/a><\/h4><div class=\"post-meta\"><\/div><div class=\"entry-excerpt\">Suspendisse blandit ligula turpis, ac convallis risus fermentum non. Duis vestibulum quis quam vel accumsan. Nunc a vulputate lectus. Vestibulum&hellip;<\/div><div class=\"jet-more-wrap\"><a href=\"https:\/\/mypureestate.com\/interdum-suscipit-dui\/\" class=\"btn btn-primary elementor-button elementor-size-md jet-more\" target=\"\"><span class=\"btn__text\">Lire plus<\/span><\/a><\/div><\/div><\/div>\n<\/div>\n<div class=\"jet-posts__item\">\n\t<div class=\"jet-posts__inner-box\"><div class=\"post-thumbnail\"><a href=\"https:\/\/mypureestate.com\/sed-sit-amet-lacus-ipsum-2\/\" class=\"post-thumbnail__link\"><img decoding=\"async\" class=\"post-thumbnail__img wp-post-image lazyload\" data-src=\"https:\/\/mypureestate.com\/wp-content\/uploads\/2018\/10\/blog-04-ncppb5mrk7sgzlc7lut167enp73l0k4xew5j8ycuc4.jpg\" alt=\"SED SIT AMET LACUS IPSUM\" width=\"1140\" height=\"450\" src=\"data:image\/svg+xml;base64,PHN2ZyB3aWR0aD0iMSIgaGVpZ2h0PSIxIiB4bWxucz0iaHR0cDovL3d3dy53My5vcmcvMjAwMC9zdmciPjwvc3ZnPg==\" style=\"--smush-placeholder-width: 1140px; --smush-placeholder-aspect-ratio: 1140\/450;\"><\/a><\/div><div class=\"jet-posts__inner-content\"><h4 class=\"entry-title\"><a href=\"https:\/\/mypureestate.com\/sed-sit-amet-lacus-ipsum-2\/\" target=\"\">SED SIT AMET LACUS IPSUM<\/a><\/h4><div class=\"post-meta\"><\/div><div class=\"entry-excerpt\">Suspendisse blandit ligula turpis, ac convallis risus fermentum non. Duis vestibulum quis quam vel accumsan. Nunc a vulputate lectus. Vestibulum&hellip;<\/div><div class=\"jet-more-wrap\"><a href=\"https:\/\/mypureestate.com\/sed-sit-amet-lacus-ipsum-2\/\" class=\"btn btn-primary elementor-button elementor-size-md jet-more\" target=\"\"><span class=\"btn__text\">Lire plus<\/span><\/a><\/div><\/div><\/div>\n<\/div>\n<div class=\"jet-posts__item\">\n\t<div class=\"jet-posts__inner-box\"><div class=\"post-thumbnail\"><a href=\"https:\/\/mypureestate.com\/egestas-vel-eleifend\/\" class=\"post-thumbnail__link\"><img decoding=\"async\" class=\"post-thumbnail__img wp-post-image lazyload\" data-src=\"https:\/\/mypureestate.com\/wp-content\/uploads\/2018\/10\/blog-05-ncppb4oxddr6nzdkrceelpn73t87sv172ri1roe8ic.jpg\" alt=\"EGESTAS VEL ELEIFEND\" width=\"1140\" height=\"450\" src=\"data:image\/svg+xml;base64,PHN2ZyB3aWR0aD0iMSIgaGVpZ2h0PSIxIiB4bWxucz0iaHR0cDovL3d3dy53My5vcmcvMjAwMC9zdmciPjwvc3ZnPg==\" style=\"--smush-placeholder-width: 1140px; --smush-placeholder-aspect-ratio: 1140\/450;\"><\/a><\/div><div class=\"jet-posts__inner-content\"><h4 class=\"entry-title\"><a href=\"https:\/\/mypureestate.com\/egestas-vel-eleifend\/\" target=\"\">EGESTAS VEL ELEIFEND<\/a><\/h4><div class=\"post-meta\"><\/div><div class=\"entry-excerpt\">Suspendisse blandit ligula turpis, ac convallis risus fermentum non. Duis vestibulum quis quam vel accumsan. Nunc a vulputate lectus. Vestibulum&hellip;<\/div><div class=\"jet-more-wrap\"><a href=\"https:\/\/mypureestate.com\/egestas-vel-eleifend\/\" class=\"btn btn-primary elementor-button elementor-size-md jet-more\" target=\"\"><span class=\"btn__text\">Lire plus<\/span><\/a><\/div><\/div><\/div>\n<\/div>\n<div class=\"jet-posts__item\">\n\t<div class=\"jet-posts__inner-box\"><div class=\"post-thumbnail\"><a href=\"https:\/\/mypureestate.com\/sed-sit-amet-lacus-ipsum\/\" class=\"post-thumbnail__link\"><img decoding=\"async\" class=\"post-thumbnail__img wp-post-image lazyload\" data-src=\"https:\/\/mypureestate.com\/wp-content\/uploads\/2018\/10\/blog-06-ncppb5mrk7sgzlc7lut167enp73l0k4xew5j8ycuc4.jpg\" alt=\"Sed Sit Amet Lacus Ipsum\" width=\"1140\" height=\"450\" src=\"data:image\/svg+xml;base64,PHN2ZyB3aWR0aD0iMSIgaGVpZ2h0PSIxIiB4bWxucz0iaHR0cDovL3d3dy53My5vcmcvMjAwMC9zdmciPjwvc3ZnPg==\" style=\"--smush-placeholder-width: 1140px; --smush-placeholder-aspect-ratio: 1140\/450;\"><\/a><\/div><div class=\"jet-posts__inner-content\"><h4 class=\"entry-title\"><a href=\"https:\/\/mypureestate.com\/sed-sit-amet-lacus-ipsum\/\" target=\"\">Sed Sit Amet Lacus Ipsum<\/a><\/h4><div class=\"post-meta\"><\/div><div class=\"entry-excerpt\">Suspendisse blandit ligula turpis, ac convallis risus fermentum non. Duis vestibulum quis quam vel accumsan. Nunc a vulputate lectus. Vestibulum&hellip;<\/div><div class=\"jet-more-wrap\"><a href=\"https:\/\/mypureestate.com\/sed-sit-amet-lacus-ipsum\/\" class=\"btn btn-primary elementor-button elementor-size-md jet-more\" target=\"\"><span class=\"btn__text\">Lire plus<\/span><\/a><\/div><\/div><\/div>\n<\/div>\n<div class=\"jet-posts__item\">\n\t<div class=\"jet-posts__inner-box\"><div class=\"post-thumbnail\"><a href=\"https:\/\/mypureestate.com\/proin-vel-mauris-diam-tempus\/\" class=\"post-thumbnail__link\"><img decoding=\"async\" class=\"post-thumbnail__img wp-post-image lazyload\" data-src=\"https:\/\/mypureestate.com\/wp-content\/uploads\/2018\/10\/blog-07-ncppb5mrk7sgzlc7lut167enp73l0k4xew5j8ycuc4.jpg\" alt=\"Proin Vel Mauris Diam Tempus\" width=\"1140\" height=\"450\" src=\"data:image\/svg+xml;base64,PHN2ZyB3aWR0aD0iMSIgaGVpZ2h0PSIxIiB4bWxucz0iaHR0cDovL3d3dy53My5vcmcvMjAwMC9zdmciPjwvc3ZnPg==\" style=\"--smush-placeholder-width: 1140px; --smush-placeholder-aspect-ratio: 1140\/450;\"><\/a><\/div><div class=\"jet-posts__inner-content\"><h4 class=\"entry-title\"><a href=\"https:\/\/mypureestate.com\/proin-vel-mauris-diam-tempus\/\" target=\"\">Proin Vel Mauris Diam Tempus<\/a><\/h4><div class=\"post-meta\"><\/div><div class=\"entry-excerpt\">Suspendisse blandit ligula turpis, ac convallis risus fermentum non. Duis vestibulum quis quam vel accumsan. Nunc a vulputate lectus. Vestibulum&hellip;<\/div><div class=\"jet-more-wrap\"><a href=\"https:\/\/mypureestate.com\/proin-vel-mauris-diam-tempus\/\" class=\"btn btn-primary elementor-button elementor-size-md jet-more\" target=\"\"><span class=\"btn__text\">Lire plus<\/span><\/a><\/div><\/div><\/div>\n<\/div>\n<\/div>\n<\/div>\t\t\t\t<\/div>\n\t\t\t\t<\/div>\n\t\t\t\t<\/div>\n\t\t\t\t\t<\/div>\n\t\t\t\t<\/div>\n\t\t\t\t<\/div>\n\t\t","protected":false},"excerpt":{"rendered":"<p>Villas \u00e0 la vente Appartements \u00e0 la vente Villas sur Golf Propri\u00e9t\u00e9s de Prestige Contact Netlink We\u2019ll make it as smooth as possible Lire plus We\u2019ll make it as smooth as possible Lire plus We\u2019ll make it as smooth as possible Lire plus MAURIS AC RISUS NEQUE, UT Suspendisse blandit ligula turpis, ac convallis risus&#8230;<a href=\"https:\/\/mypureestate.com\/en\/netlink\/\" class=\"epl-more-link\">Read More&rarr;<\/a><\/p>","protected":false},"author":1,"featured_media":0,"parent":0,"menu_order":0,"comment_status":"closed","ping_status":"closed","template":"elementor_header_footer","meta":{"footnotes":""},"class_list":["post-2230","page","type-page","status-publish","hentry"],"_links":{"self":[{"href":"https:\/\/mypureestate.com\/en\/wp-json\/wp\/v2\/pages\/2230","targetHints":{"allow":["GET"]}}],"collection":[{"href":"https:\/\/mypureestate.com\/en\/wp-json\/wp\/v2\/pages"}],"about":[{"href":"https:\/\/mypureestate.com\/en\/wp-json\/wp\/v2\/types\/page"}],"author":[{"embeddable":true,"href":"https:\/\/mypureestate.com\/en\/wp-json\/wp\/v2\/users\/1"}],"replies":[{"embeddable":true,"href":"https:\/\/mypureestate.com\/en\/wp-json\/wp\/v2\/comments?post=2230"}],"version-history":[{"count":13,"href":"https:\/\/mypureestate.com\/en\/wp-json\/wp\/v2\/pages\/2230\/revisions"}],"predecessor-version":[{"id":2246,"href":"https:\/\/mypureestate.com\/en\/wp-json\/wp\/v2\/pages\/2230\/revisions\/2246"}],"wp:attachment":[{"href":"https:\/\/mypureestate.com\/en\/wp-json\/wp\/v2\/media?parent=2230"}],"curies":[{"name":"wp","href":"https:\/\/api.w.org\/{rel}","templated":true}]}}